{"id":4824,"date":"2017-11-17T15:41:20","date_gmt":"2017-11-17T18:41:20","guid":{"rendered":"http:\/\/capeco.org.py\/?page_id=4824"},"modified":"2020-07-27T19:36:05","modified_gmt":"2020-07-27T23:36:05","slug":"limites-maximos-de-residuos","status":"publish","type":"page","link":"https:\/\/capeco.org.py\/en\/limites-maximos-de-residuos\/","title":{"rendered":"Perspectivas Clim\u00e1ticas"},"content":{"rendered":"<p class=\"qtranxs-available-languages-message qtranxs-available-languages-message-en\">Sorry, this entry is only available in <a href=\"https:\/\/capeco.org.py\/es\/wp-json\/wp\/v2\/pages\/4824\" class=\"qtranxs-available-language-link qtranxs-available-language-link-es\" title=\"Espa\u00f1ol\">Espa\u00f1ol<\/a>.<\/p><p>[vc_row rt_row_background_width=&#8221;default&#8221; rt_row_style=&#8221;default-style&#8221; rt_row_borders=&#8221;&#8221; rt_row_paddings=&#8221;true&#8221; rt_bg_effect=&#8221;classic&#8221; rt_bg_image_repeat=&#8221;repeat&#8221; rt_bg_size=&#8221;cover&#8221; rt_bg_position=&#8221;right top&#8221; rt_bg_attachment=&#8221;scroll&#8221; rt_bg_video_format=&#8221;self-hosted&#8221;][vc_column rt_wrp_col_paddings=&#8221;false&#8221; rt_border_top=&#8221;&#8221; rt_border_bottom=&#8221;&#8221; rt_border_left=&#8221;&#8221; rt_border_right=&#8221;&#8221; rt_border_top_mobile=&#8221;&#8221; rt_border_bottom_mobile=&#8221;&#8221; rt_border_left_mobile=&#8221;&#8221; rt_border_right_mobile=&#8221;&#8221; rt_bg_image_repeat=&#8221;repeat&#8221; rt_bg_size=&#8221;auto auto&#8221; rt_bg_position=&#8221;right top&#8221; rt_bg_attachment=&#8221;scroll&#8221;]<div class=\"rt_heading_wrapper \">\n\t\t\t\t\t\t<h2 class=\"rt_heading  \" >L\u00cdMITES M\u00c1XIMOS DE RESIDUOS<\/h2>\n\t\t\t\t\t<\/div>[vc_column_text]Cuadro comparativo de LMR para granos de soja, por pa\u00eds (Rusia, Estados Unidos, Uni\u00f3n Europea, Brasil, Canad\u00e1, Paraguay, Codex y Uruguay) &#8211; <a href=\"https:\/\/capeco.org.py\/wp-content\/uploads\/2020\/07\/ISGA-MRLs-w-EU-Russia-and-CODEX.xlsx\">clic aqu\u00ed<\/a>[\/vc_column_text][vc_column_text]<a href=\"https:\/\/capeco.org.py\/2018\/07\/06\/charlas-sobre-limires-maximos-de-residuos\/\">Charlas informativas sobre L\u00edmites M\u00e1ximos de Residuos &#8211; jul\/ago 2018<\/a>[\/vc_column_text][vc_column_text]<\/p>\n<p style=\"font-weight: 400;\"><strong><a href=\"https:\/\/news.agrofy.com.ar\/noticia\/173502\/agroquimicos-dos-principios-activos-rumbo-prohibicion\" data-saferedirecturl=\"https:\/\/www.google.com\/url?hl=es&amp;q=https:\/\/news.agrofy.com.ar\/noticia\/173502\/agroquimicos-dos-principios-activos-rumbo-prohibicion&amp;source=gmail&amp;ust=1518101126687000&amp;usg=AFQjCNGfhvR3dH9KUmRDe1lUyj5jC5GScA\">Argentina &#8211; Agroqu\u00edmicos: dos principios activos rumbo a la prohibici\u00f3n <\/a><\/strong><\/p>\n<p style=\"font-weight: 400;\">El Senasa concluy\u00f3 el per\u00edodo de consulta para la promulgaci\u00f3n de una resoluci\u00f3n que&nbsp;<strong>proh\u00edbe el uso del&nbsp;diclorvos&nbsp;(2,2-diclorovinil-dimetil fosfato) y&nbsp;triclorfon&nbsp;en las etapas de poscosecha, manipuleo, acondicionamiento y almacenamiento de granos<\/strong>&nbsp;y en aplicaci\u00f3n en instalaciones, tratamiento de dep\u00f3sitos, celdas o bodegas vac\u00edas, en veh\u00edculos de transporte y en tabaco almacenado.<\/p>\n<p style=\"font-weight: 400;\">En los fundamentos del proyecto se se\u00f1ala que desde Jap\u00f3n reclamaron&nbsp;<strong>por los l\u00edmites m\u00e1ximos de diclorvos en embarques de ma\u00edz y sorgo, mientras que desde Brasil sucedi\u00f3 lo mismo respecto del trigo.<\/strong>&nbsp;Incluso se agrega que las exportaciones de aceite de girasol a la Uni\u00f3n Europea se redujeron por las restricciones que impone ese mercado a la presencia de diclorvos.<\/p>\n<p style=\"font-weight: 400;\">Uno de los puntos m\u00e1s relevantes es que&nbsp;<strong>estos productos demandan 120 d\u00edas para degradarse<\/strong>&nbsp;por debajo de los l\u00edmites aceptados por los importadores, cuando el transporte en barco de los granos no demanda m\u00e1s de 35 d\u00edas.&nbsp;Fuente:&nbsp;Agrofy News<\/p>\n<p>[\/vc_column_text][vc_separator style=&#8221;style-1&#8243;][vc_separator style=&#8221;style-1&#8243;][\/vc_column][\/vc_row][vc_row rt_row_background_width=&#8221;default&#8221; rt_row_style=&#8221;default-style&#8221; rt_row_borders=&#8221;&#8221; rt_row_paddings=&#8221;true&#8221; rt_bg_effect=&#8221;classic&#8221; rt_bg_image_repeat=&#8221;repeat&#8221; rt_bg_size=&#8221;cover&#8221; rt_bg_position=&#8221;right top&#8221; rt_bg_attachment=&#8221;scroll&#8221; rt_bg_video_format=&#8221;self-hosted&#8221;][vc_column rt_wrp_col_paddings=&#8221;false&#8221; rt_border_top=&#8221;&#8221; rt_border_bottom=&#8221;&#8221; rt_border_left=&#8221;&#8221; rt_border_right=&#8221;&#8221; rt_border_top_mobile=&#8221;&#8221; rt_border_bottom_mobile=&#8221;&#8221; rt_border_left_mobile=&#8221;&#8221; rt_border_right_mobile=&#8221;&#8221; rt_bg_image_repeat=&#8221;repeat&#8221; rt_bg_size=&#8221;auto auto&#8221; rt_bg_position=&#8221;right top&#8221; rt_bg_attachment=&#8221;scroll&#8221;][vc_column_text]LMR &#8211; CODEX<\/p>\n<p><a href=\"https:\/\/capeco.org.py\/wp-content\/uploads\/2017\/11\/LMR-CODEX-Trigo-Maiz-Arroz-Oleaginosas.xlsx\">Trigo, Ma\u00edz, Oleaginosas<\/a><\/p>\n<p>&nbsp;<\/p>\n<p>LMR &#8211; Uni\u00f3n Europea<\/p>\n<p><a href=\"https:\/\/capeco.org.py\/wp-content\/uploads\/2017\/11\/LMR-SOJA-UE-Export_Pesticide_residue_0401070.xlsx\">Soja<\/a><\/p>\n<p>&nbsp;<\/p>\n<p>LMR &#8211; Brasil<\/p>\n<p><a href=\"https:\/\/capeco.org.py\/wp-content\/uploads\/2017\/11\/LMR-TRIGO-cartilha_do_agricultor.pdf\">Trigo<\/a><\/p>\n<p><a href=\"https:\/\/capeco.org.py\/wp-content\/uploads\/2017\/11\/LMR-MILHO-BRAZIL.docx\">Ma\u00edz<\/a>[\/vc_column_text][vc_column_text]<strong>INSTRUCTIVO SOBRE LIMITE M\u00c1XIMO DE RESIDUOS (LMR)<\/strong>&nbsp;<\/p>\n<p>&nbsp;[\/vc_column_text][\/vc_column][\/vc_row]<\/p>","protected":false},"excerpt":{"rendered":"<p>Sorry, this entry is only available in Espa\u00f1ol.[vc_row rt_row_background_width=&#8221;default&#8221; rt_row_style=&#8221;default-style&#8221; rt_row_borders=&#8221;&#8221; rt_row_paddings=&#8221;true&#8221; rt_bg_effect=&#8221;classic&#8221; rt_bg_image_repeat=&#8221;repeat&#8221; rt_bg_size=&#8221;cover&#8221; rt_bg_position=&#8221;right top&#8221; rt_bg_attachment=&#8221;scroll&#8221; rt_bg_video_format=&#8221;self-hosted&#8221;][vc_column rt_wrp_col_paddings=&#8221;false&#8221; rt_border_top=&#8221;&#8221; rt_border_bottom=&#8221;&#8221; rt_border_left=&#8221;&#8221; rt_border_right=&#8221;&#8221; rt_border_top_mobile=&#8221;&#8221; rt_border_bottom_mobile=&#8221;&#8221; rt_border_left_mobile=&#8221;&#8221; rt_border_right_mobile=&#8221;&#8221; rt_bg_image_repeat=&#8221;repeat&#8221; rt_bg_size=&#8221;auto auto&#8221; rt_bg_position=&#8221;right top&#8221; rt_bg_attachment=&#8221;scroll&#8221;][vc_column_text]Cuadro comparativo de LMR para granos de soja, por pa\u00eds (Rusia, Estados Unidos, Uni\u00f3n Europea, Brasil, Canad\u00e1, Paraguay, Codex y Uruguay) &#8211; [&hellip;]<\/p>\n","protected":false},"author":6,"featured_media":2893,"parent":0,"menu_order":30,"comment_status":"open","ping_status":"closed","template":"","meta":{"_acf_changed":false,"ngg_post_thumbnail":0,"footnotes":""},"categories":[],"tags":[],"class_list":["post-4824","page","type-page","status-publish","has-post-thumbnail","hentry"],"better_featured_image":{"id":2893,"alt_text":"","caption":"","description":"","media_type":"image","media_details":{"width":1023,"height":771,"file":"2015\/06\/something.jpg","sizes":{"thumbnail":{"file":"something-150x150.jpg","width":150,"height":150,"mime-type":"image\/jpeg","source_url":"https:\/\/capeco.org.py\/wp-content\/uploads\/2015\/06\/something-150x150.jpg"},"medium":{"file":"something-300x226.jpg","width":300,"height":226,"mime-type":"image\/jpeg","source_url":"https:\/\/capeco.org.py\/wp-content\/uploads\/2015\/06\/something-300x226.jpg"}},"image_meta":{"aperture":0,"credit":"","camera":"","caption":"","created_timestamp":0,"copyright":"","focal_length":0,"iso":0,"shutter_speed":0,"title":"","orientation":0}},"post":2778,"source_url":"https:\/\/capeco.org.py\/wp-content\/uploads\/2015\/06\/something.jpg"},"acf":[],"_links":{"self":[{"href":"https:\/\/capeco.org.py\/en\/wp-json\/wp\/v2\/pages\/4824","targetHints":{"allow":["GET"]}}],"collection":[{"href":"https:\/\/capeco.org.py\/en\/wp-json\/wp\/v2\/pages"}],"about":[{"href":"https:\/\/capeco.org.py\/en\/wp-json\/wp\/v2\/types\/page"}],"author":[{"embeddable":true,"href":"https:\/\/capeco.org.py\/en\/wp-json\/wp\/v2\/users\/6"}],"replies":[{"embeddable":true,"href":"https:\/\/capeco.org.py\/en\/wp-json\/wp\/v2\/comments?post=4824"}],"version-history":[{"count":5,"href":"https:\/\/capeco.org.py\/en\/wp-json\/wp\/v2\/pages\/4824\/revisions"}],"predecessor-version":[{"id":5869,"href":"https:\/\/capeco.org.py\/en\/wp-json\/wp\/v2\/pages\/4824\/revisions\/5869"}],"wp:featuredmedia":[{"embeddable":true,"href":"https:\/\/capeco.org.py\/en\/wp-json\/wp\/v2\/media\/2893"}],"wp:attachment":[{"href":"https:\/\/capeco.org.py\/en\/wp-json\/wp\/v2\/media?parent=4824"}],"wp:term":[{"taxonomy":"category","embeddable":true,"href":"https:\/\/capeco.org.py\/en\/wp-json\/wp\/v2\/categories?post=4824"},{"taxonomy":"post_tag","embeddable":true,"href":"https:\/\/capeco.org.py\/en\/wp-json\/wp\/v2\/tags?post=4824"}],"curies":[{"name":"wp","href":"https:\/\/api.w.org\/{rel}","templated":true}]}}