{"id":4777,"date":"2017-10-25T14:56:02","date_gmt":"2017-10-25T17:56:02","guid":{"rendered":"http:\/\/capeco.org.py\/?page_id=4777"},"modified":"2017-10-25T15:39:46","modified_gmt":"2017-10-25T18:39:46","slug":"buenas-practicas-de-manufacturas-bpm","status":"publish","type":"page","link":"https:\/\/capeco.org.py\/en\/responsabilidad-social\/buenas-practicas-de-manufacturas-bpm\/","title":{"rendered":"(Espa\u00f1ol) BUENAS PR\u00c1CTICAS DE MANUFACTURAS (BPM)"},"content":{"rendered":"<p class=\"qtranxs-available-languages-message qtranxs-available-languages-message-en\">Sorry, this entry is only available in <a href=\"https:\/\/capeco.org.py\/es\/wp-json\/wp\/v2\/pages\/4777\" class=\"qtranxs-available-language-link qtranxs-available-language-link-es\" title=\"Espa\u00f1ol\">Espa\u00f1ol<\/a>.<\/p><p>[vc_row][vc_column]<div class=\"rt_heading_wrapper style-5\">\n\t\t\t\t\t\t<h1 class=\"rt_heading  style-5\" >Buenas Pr\u00e1cticas de Manufacturas (BPM)<\/h1>\n\t\t\t\t\t<\/div>[vc_column_text]<a href=\"https:\/\/capeco.org.py\/wp-content\/uploads\/2017\/10\/2-BPM-CAPECO.pdf\"><img loading=\"lazy\" decoding=\"async\" class=\"alignnone wp-image-4755 size-medium\" src=\"https:\/\/capeco.org.py\/wp-content\/uploads\/2017\/10\/2-BPM-CAPECO-300x225.jpg\" alt=\"\" width=\"300\" height=\"225\" srcset=\"https:\/\/capeco.org.py\/wp-content\/uploads\/2017\/10\/2-BPM-CAPECO-300x225.jpg 300w, https:\/\/capeco.org.py\/wp-content\/uploads\/2017\/10\/2-BPM-CAPECO-768x576.jpg 768w, https:\/\/capeco.org.py\/wp-content\/uploads\/2017\/10\/2-BPM-CAPECO-216x162.jpg 216w, https:\/\/capeco.org.py\/wp-content\/uploads\/2017\/10\/2-BPM-CAPECO.jpg 960w\" sizes=\"auto, (max-width: 300px) 100vw, 300px\" \/><\/a><\/p>\n<p><a href=\"https:\/\/capeco.org.py\/wp-content\/uploads\/2017\/10\/2-BPM-CAPECO.pdf\"><span style=\"font-size: 18pt;\">Presentaci\u00f3n sobre las Buenas Pr\u00e1cticas de Manufactura (BPM) &#8211; Descargar<\/span><\/a>[\/vc_column_text][vc_separator css_animation=&#8221;bounceIn&#8221;][vc_column_text]<img loading=\"lazy\" decoding=\"async\" class=\"alignnone size-medium wp-image-4769\" src=\"https:\/\/capeco.org.py\/wp-content\/uploads\/2017\/10\/3-LIMPIEZA-DESINFECCION-CAPECO-300x225.jpg\" alt=\"\" width=\"300\" height=\"225\" srcset=\"https:\/\/capeco.org.py\/wp-content\/uploads\/2017\/10\/3-LIMPIEZA-DESINFECCION-CAPECO-300x225.jpg 300w, https:\/\/capeco.org.py\/wp-content\/uploads\/2017\/10\/3-LIMPIEZA-DESINFECCION-CAPECO-768x576.jpg 768w, https:\/\/capeco.org.py\/wp-content\/uploads\/2017\/10\/3-LIMPIEZA-DESINFECCION-CAPECO-216x162.jpg 216w, https:\/\/capeco.org.py\/wp-content\/uploads\/2017\/10\/3-LIMPIEZA-DESINFECCION-CAPECO.jpg 960w\" sizes=\"auto, (max-width: 300px) 100vw, 300px\" \/><\/p>\n<p><span style=\"font-size: 18pt;\"><a href=\"https:\/\/capeco.org.py\/wp-content\/uploads\/2017\/10\/3-LIMPIEZA-DESINFECCION-CAPECO.pdf\">Presentaci\u00f3n sobre Limpieza y Desinfecci\u00f3n &#8211; Descargar<\/a><\/span>[\/vc_column_text][vc_separator css_animation=&#8221;bounceIn&#8221;][\/vc_column][\/vc_row][vc_row][vc_column][\/vc_column][vc_column][\/vc_column][vc_column][\/vc_column][vc_column][\/vc_column][\/vc_row]<\/p>","protected":false},"excerpt":{"rendered":"<p>Sorry, this entry is only available in Espa\u00f1ol.[vc_row][vc_column][vc_column_text] Presentaci\u00f3n sobre las Buenas Pr\u00e1cticas de Manufactura (BPM) &#8211; Descargar[\/vc_column_text][vc_separator css_animation=&#8221;bounceIn&#8221;][vc_column_text] Presentaci\u00f3n sobre Limpieza y Desinfecci\u00f3n &#8211; Descargar[\/vc_column_text][vc_separator css_animation=&#8221;bounceIn&#8221;][\/vc_column][\/vc_row][vc_row][vc_column][\/vc_column][vc_column][\/vc_column][vc_column][\/vc_column][vc_column][\/vc_column][\/vc_row]<\/p>\n","protected":false},"author":4,"featured_media":0,"parent":3142,"menu_order":6,"comment_status":"closed","ping_status":"closed","template":"","meta":{"_acf_changed":false,"ngg_post_thumbnail":0,"footnotes":""},"categories":[],"tags":[],"class_list":["post-4777","page","type-page","status-publish","hentry"],"better_featured_image":null,"acf":[],"_links":{"self":[{"href":"https:\/\/capeco.org.py\/en\/wp-json\/wp\/v2\/pages\/4777","targetHints":{"allow":["GET"]}}],"collection":[{"href":"https:\/\/capeco.org.py\/en\/wp-json\/wp\/v2\/pages"}],"about":[{"href":"https:\/\/capeco.org.py\/en\/wp-json\/wp\/v2\/types\/page"}],"author":[{"embeddable":true,"href":"https:\/\/capeco.org.py\/en\/wp-json\/wp\/v2\/users\/4"}],"replies":[{"embeddable":true,"href":"https:\/\/capeco.org.py\/en\/wp-json\/wp\/v2\/comments?post=4777"}],"version-history":[{"count":5,"href":"https:\/\/capeco.org.py\/en\/wp-json\/wp\/v2\/pages\/4777\/revisions"}],"predecessor-version":[{"id":4793,"href":"https:\/\/capeco.org.py\/en\/wp-json\/wp\/v2\/pages\/4777\/revisions\/4793"}],"up":[{"embeddable":true,"href":"https:\/\/capeco.org.py\/en\/wp-json\/wp\/v2\/pages\/3142"}],"wp:attachment":[{"href":"https:\/\/capeco.org.py\/en\/wp-json\/wp\/v2\/media?parent=4777"}],"wp:term":[{"taxonomy":"category","embeddable":true,"href":"https:\/\/capeco.org.py\/en\/wp-json\/wp\/v2\/categories?post=4777"},{"taxonomy":"post_tag","embeddable":true,"href":"https:\/\/capeco.org.py\/en\/wp-json\/wp\/v2\/tags?post=4777"}],"curies":[{"name":"wp","href":"https:\/\/api.w.org\/{rel}","templated":true}]}}