{"id":3773,"date":"2016-09-29T14:31:54","date_gmt":"2016-09-29T18:31:54","guid":{"rendered":"http:\/\/capeco.org.py\/?page_id=3773"},"modified":"2016-09-29T14:44:40","modified_gmt":"2016-09-29T18:44:40","slug":"objetivos","status":"publish","type":"page","link":"https:\/\/capeco.org.py\/en\/responsabilidad-social\/programa_nutricion_soja\/objetivos\/","title":{"rendered":"(Espa\u00f1ol) OBJETIVOS"},"content":{"rendered":"<p class=\"qtranxs-available-languages-message qtranxs-available-languages-message-en\">Sorry, this entry is only available in <a href=\"https:\/\/capeco.org.py\/es\/wp-json\/wp\/v2\/pages\/3773\" class=\"qtranxs-available-language-link qtranxs-available-language-link-es\" title=\"Espa\u00f1ol\">Espa\u00f1ol<\/a>.<\/p><p>[vc_row][vc_column]<div class=\"rt_heading_wrapper style-1\">\n\t\t\t\t\t\t<h1 class=\"rt_heading  style-1\" >Objetivos<\/h1>\n\t\t\t\t\t<\/div>[vc_column_text]<\/p>\n<h2><strong>Objetivo General<\/strong><\/h2>\n<p><span style=\"font-size: 18pt;\">Contribuir al mejoramiento de la calidad de vida de las familias de escasos recursos econ\u00f3micos, a trav\u00e9s de la nutrici\u00f3n equilibrada, con la utilizaci\u00f3n de la soja como un complemento nutricional importante, promoviendo el desarrollo de habilidades individuales, organizativas y comunitarias.<\/span><\/p>\n<h2><strong><span style=\"font-size: 14pt;\">Objetivos por Proyectos<\/span><\/strong><\/h2>\n<p><span style=\"font-size: 14pt;\">\u2022 Identificar o crear organizaciones locales, para la instalaci\u00f3n del programa.<\/span><br \/>\n<span style=\"font-size: 14pt;\"> \u2022 Formar agentes multiplicadores de las comunidades seleccionadas, en elaboraci\u00f3n de alimentos a base de soja y sus formas de consumo.<\/span><br \/>\n<span style=\"font-size: 14pt;\"> \u2022 Fortalecer las organizaciones comunitarias, empoderando a la mujer e implantando la autogesti\u00f3n en la poblaci\u00f3n beneficiaria, como estrategia de sostenimiento del programa.<\/span><br \/>\n<span style=\"font-size: 14pt;\"> \u2022 Sensibilizar paulatinamente a la ciudadan\u00eda sobre los beneficios de la soja y la facilidad de obtenci\u00f3n de la materia prima, mediante campa\u00f1as de difusi\u00f3n masiva, apuntalando su valoraci\u00f3n.<\/span><br \/>\n<span style=\"font-size: 14pt;\"> \u2022 Documentar las actuaciones comunitarias e institucionales en forma organizada en el marco del programa, para la sistematizaci\u00f3n de la experiencia.<\/span>[\/vc_column_text][\/vc_column][\/vc_row][vc_row rt_row_background_width=&#8221;default&#8221; rt_row_content_width=&#8221;default&#8221; rt_row_style=&#8221;default-style&#8221; rt_row_borders=&#8221;&#8221; rt_overlap=&#8221;&#8221; rt_grid=&#8221;&#8221; rt_row_paddings=&#8221;true&#8221; id=&#8221;&#8221; rt_bg_effect=&#8221;classic&#8221; rt_bg_parallax_effect=&#8221;1&#8243; rt_bg_image_repeat=&#8221;repeat&#8221; rt_bg_size=&#8221;cover&#8221; rt_bg_position=&#8221;right top&#8221; rt_bg_attachment=&#8221;scroll&#8221;][vc_column width=&#8221;1\/1&#8243; rt_color_set=&#8221;global-style&#8221; id=&#8221;&#8221; rt_bg_image_repeat=&#8221;repeat&#8221; rt_bg_size=&#8221;auto auto&#8221; rt_bg_attachment=&#8221;scroll&#8221;]<br \/>\n[\/vc_column][\/vc_row]<\/p>","protected":false},"excerpt":{"rendered":"<p>Sorry, this entry is only available in Espa\u00f1ol.[vc_row][vc_column][vc_column_text] Objetivo General Contribuir al mejoramiento de la calidad de vida de las familias de escasos recursos econ\u00f3micos, a trav\u00e9s de la nutrici\u00f3n equilibrada, con la utilizaci\u00f3n de la soja como un complemento nutricional importante, promoviendo el desarrollo de habilidades individuales, organizativas y comunitarias. Objetivos por Proyectos \u2022 [&hellip;]<\/p>\n","protected":false},"author":4,"featured_media":0,"parent":3753,"menu_order":38,"comment_status":"closed","ping_status":"closed","template":"","meta":{"_acf_changed":false,"ngg_post_thumbnail":0,"footnotes":""},"categories":[],"tags":[],"class_list":["post-3773","page","type-page","status-publish","hentry"],"better_featured_image":null,"acf":[],"_links":{"self":[{"href":"https:\/\/capeco.org.py\/en\/wp-json\/wp\/v2\/pages\/3773","targetHints":{"allow":["GET"]}}],"collection":[{"href":"https:\/\/capeco.org.py\/en\/wp-json\/wp\/v2\/pages"}],"about":[{"href":"https:\/\/capeco.org.py\/en\/wp-json\/wp\/v2\/types\/page"}],"author":[{"embeddable":true,"href":"https:\/\/capeco.org.py\/en\/wp-json\/wp\/v2\/users\/4"}],"replies":[{"embeddable":true,"href":"https:\/\/capeco.org.py\/en\/wp-json\/wp\/v2\/comments?post=3773"}],"version-history":[{"count":7,"href":"https:\/\/capeco.org.py\/en\/wp-json\/wp\/v2\/pages\/3773\/revisions"}],"predecessor-version":[{"id":3780,"href":"https:\/\/capeco.org.py\/en\/wp-json\/wp\/v2\/pages\/3773\/revisions\/3780"}],"up":[{"embeddable":true,"href":"https:\/\/capeco.org.py\/en\/wp-json\/wp\/v2\/pages\/3753"}],"wp:attachment":[{"href":"https:\/\/capeco.org.py\/en\/wp-json\/wp\/v2\/media?parent=3773"}],"wp:term":[{"taxonomy":"category","embeddable":true,"href":"https:\/\/capeco.org.py\/en\/wp-json\/wp\/v2\/categories?post=3773"},{"taxonomy":"post_tag","embeddable":true,"href":"https:\/\/capeco.org.py\/en\/wp-json\/wp\/v2\/tags?post=3773"}],"curies":[{"name":"wp","href":"https:\/\/api.w.org\/{rel}","templated":true}]}}