{"id":3747,"date":"2016-09-29T12:06:16","date_gmt":"2016-09-29T16:06:16","guid":{"rendered":"http:\/\/capeco.org.py\/?page_id=3747"},"modified":"2016-09-30T14:54:43","modified_gmt":"2016-09-30T18:54:43","slug":"antecedentes","status":"publish","type":"page","link":"https:\/\/capeco.org.py\/en\/responsabilidad_social_2\/antecedentes\/","title":{"rendered":"(Espa\u00f1ol) ANTECEDENTES"},"content":{"rendered":"<p class=\"qtranxs-available-languages-message qtranxs-available-languages-message-en\">Sorry, this entry is only available in <a href=\"https:\/\/capeco.org.py\/es\/wp-json\/wp\/v2\/pages\/3747\" class=\"qtranxs-available-language-link qtranxs-available-language-link-es\" title=\"Espa\u00f1ol\">Espa\u00f1ol<\/a>.<\/p><p>[vc_row rt_row_background_width=&#8221;default&#8221; rt_row_content_width=&#8221;default&#8221; rt_row_style=&#8221;default-style&#8221; rt_row_borders=&#8221;&#8221; rt_overlap=&#8221;&#8221; rt_grid=&#8221;&#8221; rt_row_paddings=&#8221;true&#8221; id=&#8221;&#8221; rt_bg_effect=&#8221;classic&#8221; rt_bg_parallax_effect=&#8221;1&#8243; rt_bg_image_repeat=&#8221;repeat&#8221; rt_bg_size=&#8221;cover&#8221; rt_bg_position=&#8221;right top&#8221; rt_bg_attachment=&#8221;scroll&#8221;][vc_column width=&#8221;1\/1&#8243; rt_color_set=&#8221;global-style&#8221; id=&#8221;&#8221; rt_bg_image_repeat=&#8221;repeat&#8221; rt_bg_size=&#8221;auto auto&#8221; rt_bg_attachment=&#8221;scroll&#8221;]<div class=\"rt_heading_wrapper style-1\">\n\t\t\t\t\t\t<h1 class=\"rt_heading  style-1\" >ANTECEDENTES<\/h1>\n\t\t\t\t\t<\/div>[\/vc_column][\/vc_row][vc_row][vc_column width=&#8221;1\/1&#8243; rt_color_set=&#8221;global-style&#8221; id=&#8221;&#8221; rt_bg_image_repeat=&#8221;repeat&#8221; rt_bg_size=&#8221;auto auto&#8221; rt_bg_attachment=&#8221;scroll&#8221;][vc_column_text]<span style=\"font-size: 14pt;\">El <strong>Centro de Capacitaci\u00f3n para la Familia,<\/strong> entidad dependiente del Ministerio de Salud P\u00fablica y Bienestar Social, adem\u00e1s de promover la capacitaci\u00f3n entre familias de escasos recursos en la localidad de Zeballos-Cu\u00e9 Asunci\u00f3n, tambi\u00e9n fabrica y provee de leche de soja a dichas familias.<\/span><\/p>\n<p><span style=\"font-size: 14pt;\">Esta iniciativa provino de la donaci\u00f3n que recibiera de una \u201cvaca mec\u00e1nica\u201d o m\u00e1quina extractora del jugo de la soja, que en su proceso de extracci\u00f3n se convierte en \u201cleche\u201d con las mismas y mayores propiedades que la leche animal.<\/span><\/p>\n<p><span style=\"font-size: 14pt;\">Esta Instituci\u00f3n beneficia a numerosas familias de la comunidad de Zeballos cue y alrededores, contribuyendo a la alimentaci\u00f3n diaria de m\u00e1s de 150 familias.<\/span><\/p>\n<p><span style=\"font-size: 14pt;\">La <strong>C\u00e1mara Paraguaya de Exportadores y Comercializadores de Cereales y Oleaginosas (CAPECO),<\/strong> en conocimiento de los trabajos realizados por esta entidad y ante un pedido de su Directora Sra. Georgia de Burgos, efectuado en el mes de agosto de 2012, la <strong>CAPECO,<\/strong> a partir de entonces, ha tomado la decisi\u00f3n de proveer de granos de soja en forma permanente, a fin de que este abastecimiento sea sostenible.<\/span><\/p>\n<p><span style=\"font-size: 14pt;\">Estas entregas se iniciaron regularmente a partir del mes de Setiembre del 2012, y que es acopiada por socios de la C\u00e1mara.<\/span><\/p>\n<p><span style=\"font-size: 14pt;\"><strong>PROPUESTA: <\/strong><\/span><\/p>\n<p><span style=\"font-size: 14pt;\">La idea surge con el compromiso de la C\u00e1mara en dise\u00f1ar un programa de responsabilidad social sustentable en el \u00e1rea de su actividad que es la producci\u00f3n, industrializaci\u00f3n y exportaci\u00f3n de la soja, la cual alcanza casi el 100 %, como una contrapartida de beneficio social dirigido a las comunidades econ\u00f3micamente vulnerables y sin acceso a una alimentaci\u00f3n equilibrada y completa.<\/span><\/p>\n<p><span style=\"font-size: 14pt;\">Esta propuesta se inicia desarroll\u00e1ndose las primeras actividades consistentes en:<\/span><\/p>\n<p><span style=\"font-size: 14pt;\"><strong>PRIMERA ETAPA<\/strong><\/span><\/p>\n<ul>\n<li><span style=\"font-size: 14pt;\">Provisi\u00f3n o abastecimiento de granos de soja para la fabricaci\u00f3n de la leche, de acuerdo a la necesidad de las familias usuarias de Zeballos cue y alrededores.<\/span><\/li>\n<li><span style=\"font-size: 14pt;\">Gerenciar la cantidad de granos de soja necesaria para cubrir la demanda con un listado de socios que se comprometen a entregar la cantidad necesaria en forma mensual.<\/span><\/li>\n<\/ul>\n<p><span style=\"font-size: 14pt;\"><strong>SEGUNDA ETAPA<\/strong><\/span><\/p>\n<ul>\n<li><span style=\"font-size: 14pt;\">Ejecutar un proyecto de mejora edilicia en el local de Zeballos-Cu\u00e9, en el marco de un Convenio de Cooperaci\u00f3n entre el Ministerio de Salud P\u00fablica y Bienestar Social y la CAPECO, cuya inauguraci\u00f3n se llev\u00f3 a cabo el 16 de febrero del 2016.<\/span><\/li>\n<li><span style=\"font-size: 14pt;\">Incluir en el presupuesto general de la C\u00e1mara el costo del proyecto.<\/span><\/li>\n<\/ul>\n<p><span style=\"font-size: 14pt;\"><strong>TERCERA ETAPA:<\/strong><\/span><\/p>\n<ul>\n<li><span style=\"font-size: 14pt;\">Dise\u00f1ar un Programa de Responsabilidad Social para la C\u00e1mara, estableciendo objetivos claros y metas a cumplir, a cargo de la comisi\u00f3n de Responsabilidad Social de CAPECO<\/span><\/li>\n<\/ul>\n<p>[\/vc_column_text][\/vc_column][\/vc_row]<\/p>","protected":false},"excerpt":{"rendered":"<p>Sorry, this entry is only available in Espa\u00f1ol.[vc_row rt_row_background_width=&#8221;default&#8221; rt_row_content_width=&#8221;default&#8221; rt_row_style=&#8221;default-style&#8221; rt_row_borders=&#8221;&#8221; rt_overlap=&#8221;&#8221; rt_grid=&#8221;&#8221; rt_row_paddings=&#8221;true&#8221; id=&#8221;&#8221; rt_bg_effect=&#8221;classic&#8221; rt_bg_parallax_effect=&#8221;1&#8243; rt_bg_image_repeat=&#8221;repeat&#8221; rt_bg_size=&#8221;cover&#8221; rt_bg_position=&#8221;right top&#8221; rt_bg_attachment=&#8221;scroll&#8221;][vc_column width=&#8221;1\/1&#8243; rt_color_set=&#8221;global-style&#8221; id=&#8221;&#8221; rt_bg_image_repeat=&#8221;repeat&#8221; rt_bg_size=&#8221;auto auto&#8221; rt_bg_attachment=&#8221;scroll&#8221;][\/vc_column][\/vc_row][vc_row][vc_column width=&#8221;1\/1&#8243; rt_color_set=&#8221;global-style&#8221; id=&#8221;&#8221; rt_bg_image_repeat=&#8221;repeat&#8221; rt_bg_size=&#8221;auto auto&#8221; rt_bg_attachment=&#8221;scroll&#8221;][vc_column_text]El Centro de Capacitaci\u00f3n para la Familia, entidad dependiente del Ministerio de Salud P\u00fablica y Bienestar Social, adem\u00e1s de [&hellip;]<\/p>\n","protected":false},"author":4,"featured_media":0,"parent":3877,"menu_order":5,"comment_status":"closed","ping_status":"closed","template":"","meta":{"_acf_changed":false,"ngg_post_thumbnail":0,"footnotes":""},"categories":[],"tags":[],"class_list":["post-3747","page","type-page","status-publish","hentry"],"better_featured_image":null,"acf":[],"_links":{"self":[{"href":"https:\/\/capeco.org.py\/en\/wp-json\/wp\/v2\/pages\/3747","targetHints":{"allow":["GET"]}}],"collection":[{"href":"https:\/\/capeco.org.py\/en\/wp-json\/wp\/v2\/pages"}],"about":[{"href":"https:\/\/capeco.org.py\/en\/wp-json\/wp\/v2\/types\/page"}],"author":[{"embeddable":true,"href":"https:\/\/capeco.org.py\/en\/wp-json\/wp\/v2\/users\/4"}],"replies":[{"embeddable":true,"href":"https:\/\/capeco.org.py\/en\/wp-json\/wp\/v2\/comments?post=3747"}],"version-history":[{"count":4,"href":"https:\/\/capeco.org.py\/en\/wp-json\/wp\/v2\/pages\/3747\/revisions"}],"predecessor-version":[{"id":3808,"href":"https:\/\/capeco.org.py\/en\/wp-json\/wp\/v2\/pages\/3747\/revisions\/3808"}],"up":[{"embeddable":true,"href":"https:\/\/capeco.org.py\/en\/wp-json\/wp\/v2\/pages\/3877"}],"wp:attachment":[{"href":"https:\/\/capeco.org.py\/en\/wp-json\/wp\/v2\/media?parent=3747"}],"wp:term":[{"taxonomy":"category","embeddable":true,"href":"https:\/\/capeco.org.py\/en\/wp-json\/wp\/v2\/categories?post=3747"},{"taxonomy":"post_tag","embeddable":true,"href":"https:\/\/capeco.org.py\/en\/wp-json\/wp\/v2\/tags?post=3747"}],"curies":[{"name":"wp","href":"https:\/\/api.w.org\/{rel}","templated":true}]}}