{"id":3124,"date":"2015-06-23T21:00:37","date_gmt":"2015-06-23T21:00:37","guid":{"rendered":"http:\/\/capeco.org.py\/?page_id=3124"},"modified":"2015-08-05T17:22:22","modified_gmt":"2015-08-05T17:22:22","slug":"canola-satelital-es","status":"publish","type":"page","link":"https:\/\/capeco.org.py\/en\/canola-satelital-es\/","title":{"rendered":"Estudio Satelital"},"content":{"rendered":"<p class=\"qtranxs-available-languages-message qtranxs-available-languages-message-en\">Sorry, this entry is only available in <a href=\"https:\/\/capeco.org.py\/es\/wp-json\/wp\/v2\/pages\/3124\" class=\"qtranxs-available-language-link qtranxs-available-language-link-es\" title=\"Espa\u00f1ol\">Espa\u00f1ol<\/a>.<\/p><p>[vc_row rt_row_background_width=&#8221;default&#8221; rt_row_content_width=&#8221;default&#8221; rt_row_style=&#8221;default-style&#8221; rt_row_borders=&#8221;&#8221; rt_overlap=&#8221;&#8221; rt_grid=&#8221;&#8221; rt_row_paddings=&#8221;true&#8221; id=&#8221;&#8221; rt_bg_effect=&#8221;classic&#8221; rt_bg_parallax_effect=&#8221;1&#8243; rt_bg_image_repeat=&#8221;repeat&#8221; rt_bg_size=&#8221;cover&#8221; rt_bg_position=&#8221;right top&#8221; rt_bg_attachment=&#8221;scroll&#8221;][vc_column width=&#8221;1\/1&#8243; rt_color_set=&#8221;global-style&#8221; id=&#8221;&#8221; rt_bg_image_repeat=&#8221;repeat&#8221; rt_bg_size=&#8221;auto auto&#8221; rt_bg_attachment=&#8221;scroll&#8221;][vc_custom_heading text=&#8221;Estudio Satelital&#8221; font_container=&#8221;tag:h2|text_align:left|color:%23000000&#8243; google_fonts=&#8221;font_family:Open%20Sans%3A300%2C300italic%2Cregular%2Citalic%2C600%2C600italic%2C700%2C700italic%2C800%2C800italic|font_style:400%20regular%3A400%3Anormal&#8221;][\/vc_column][\/vc_row][vc_row rt_row_background_width=&#8221;default&#8221; rt_row_content_width=&#8221;default&#8221; rt_row_style=&#8221;default-style&#8221; rt_row_borders=&#8221;&#8221; rt_overlap=&#8221;&#8221; rt_grid=&#8221;&#8221; rt_row_paddings=&#8221;true&#8221; rt_bg_effect=&#8221;classic&#8221; rt_bg_parallax_effect=&#8221;1&#8243; rt_bg_image_repeat=&#8221;repeat&#8221; rt_bg_size=&#8221;cover&#8221; rt_bg_position=&#8221;right top&#8221; rt_bg_attachment=&#8221;scroll&#8221;][vc_column width=&#8221;1\/1&#8243; rt_color_set=&#8221;global-style&#8221; id=&#8221;&#8221; rt_bg_image_repeat=&#8221;repeat&#8221; rt_bg_size=&#8221;auto auto&#8221; rt_bg_attachment=&#8221;scroll&#8221;]<div class=\"button_wrapper \"><a  href=\"https:\/\/capeco.org.py\/soja-satelital-es\/\" target=\"_self\" title=\"SOJA\" class=\"button_  color medium\">SOJA<\/a><\/div><div class=\"button_wrapper \"><a  href=\"https:\/\/capeco.org.py\/girasol-satelital-es\/\" target=\"_self\" title=\"GIRASOL\" class=\"button_  color medium\">GIRASOL<\/a><\/div><div class=\"button_wrapper \"><a  href=\"https:\/\/capeco.org.py\/trigo-satelital-es\/\" target=\"_self\" title=\"TRIGO\" class=\"button_  color medium\">TRIGO<\/a><\/div><div class=\"button_wrapper \"><a  href=\"https:\/\/capeco.org.py\/maiz-satelital-es\/\" target=\"_self\" title=\"MAIZ\" class=\"button_  color medium\">MAIZ<\/a><\/div><div class=\"button_wrapper \"><a  href=\"https:\/\/capeco.org.py\/canola-satelital-es\/\" target=\"_self\" title=\"CANOLA\" class=\"button_  color medium\"><span class=\"icon-angle-double-down\"><\/span>CANOLA<\/a><\/div>[\/vc_column][\/vc_row][vc_row rt_row_background_width=&#8221;default&#8221; rt_row_content_width=&#8221;default&#8221; rt_row_style=&#8221;default-style&#8221; rt_row_borders=&#8221;&#8221; rt_overlap=&#8221;&#8221; rt_grid=&#8221;&#8221; rt_row_paddings=&#8221;true&#8221; id=&#8221;&#8221; rt_bg_effect=&#8221;classic&#8221; rt_bg_parallax_effect=&#8221;1&#8243; rt_bg_image_repeat=&#8221;repeat&#8221; rt_bg_size=&#8221;cover&#8221; rt_bg_position=&#8221;right top&#8221; rt_bg_attachment=&#8221;scroll&#8221;][vc_column width=&#8221;1\/1&#8243; rt_color_set=&#8221;global-style&#8221; id=&#8221;&#8221; rt_bg_image_repeat=&#8221;repeat&#8221; rt_bg_size=&#8221;auto auto&#8221; rt_bg_attachment=&#8221;scroll&#8221;][vc_single_image image=&#8221;3125&#8243; border_color=&#8221;grey&#8221; img_link_large=&#8221;&#8221; img_link_target=&#8221;_self&#8221; img_size=&#8221;large&#8221;][vc_column_text]<\/p>\n<p style=\"text-align: center;\"><strong>Distribuci\u00f3n espacial 2014 del cultivo de Canola en el Paraguay<\/strong>.<\/p>\n<p>[\/vc_column_text][vc_single_image image=&#8221;3126&#8243; border_color=&#8221;grey&#8221; img_link_large=&#8221;&#8221; img_link_target=&#8221;_self&#8221; img_size=&#8221;large&#8221;][vc_single_image image=&#8221;3127&#8243; border_color=&#8221;grey&#8221; img_link_large=&#8221;&#8221; img_link_target=&#8221;_self&#8221; img_size=&#8221;large&#8221;][vc_column_text]<\/p>\n<p style=\"text-align: center;\">Hist\u00f3rico de la superficie sembrada de Canola en la Regi\u00f3n Oriental del Paraguay &#8211; Campa\u00f1a 2009 a 2014.<\/p>\n<p style=\"text-align: center;\">\n<p>[\/vc_column_text]<article  class=\"icon-content-box content-box icon-left icon-style-1\"><div class=\"icon-holder\"><a href=\"http:\/\/www.tera.com.py\/capeco\/archivo.php?a=fek31112k7kbfek1k7kdkck311bd1113kek310k4k7k1k7k3cck1fekckdkafecck1fekckdkafebd12feffkafebdk6k71112kd10k7fekabd16bdk2k3kefe1012fekbk3kc12kdbdcfcdcdd6bdfebdcfcdced1cbkek2k4fe09d&x=f6f6095&y=fafa099\" title=\"\" target=\"_self\"><span class=\"icon-new-attach-1\"><\/span><\/a><\/div><div class=\"text-holder\">\n\t<h3 class=\"heading\">\n\t\t<a href=\"http:\/\/www.tera.com.py\/capeco\/archivo.php?a=fek31112k7kbfek1k7kdkck311bd1113kek310k4k7k1k7k3cck1fekckdkafecck1fekckdkafebd12feffkafebdk6k71112kd10k7fekabd16bdk2k3kefe1012fekbk3kc12kdbdcfcdcdd6bdfebdcfcdced1cbkek2k4fe09d&x=f6f6095&y=fafa099\" title=\"Evoluci\u00f3n del \u00c1rea cultivada de Canola en la Regi\u00f3n Oriental del Paraguay\" target=\"_self\">\n\t\t\tEvoluci\u00f3n del \u00c1rea cultivada de Canola en la Regi\u00f3n Oriental del Paraguay\n\t\t<\/a>\n\t<\/h3> <p>Por departamento &#8211; Campa\u00f1a 2009 a 2014; seg\u00fan an\u00e1lisis geoespacial..<\/p>\n<\/div><\/article>[\/vc_column][\/vc_row]<\/p>","protected":false},"excerpt":{"rendered":"<p>Sorry, this entry is only available in Espa\u00f1ol.[vc_row rt_row_background_width=&#8221;default&#8221; rt_row_content_width=&#8221;default&#8221; rt_row_style=&#8221;default-style&#8221; rt_row_borders=&#8221;&#8221; rt_overlap=&#8221;&#8221; rt_grid=&#8221;&#8221; rt_row_paddings=&#8221;true&#8221; id=&#8221;&#8221; rt_bg_effect=&#8221;classic&#8221; rt_bg_parallax_effect=&#8221;1&#8243; rt_bg_image_repeat=&#8221;repeat&#8221; rt_bg_size=&#8221;cover&#8221; rt_bg_position=&#8221;right top&#8221; rt_bg_attachment=&#8221;scroll&#8221;][vc_column width=&#8221;1\/1&#8243; rt_color_set=&#8221;global-style&#8221; id=&#8221;&#8221; rt_bg_image_repeat=&#8221;repeat&#8221; rt_bg_size=&#8221;auto auto&#8221; rt_bg_attachment=&#8221;scroll&#8221;][vc_custom_heading text=&#8221;Estudio Satelital&#8221; font_container=&#8221;tag:h2|text_align:left|color:%23000000&#8243; google_fonts=&#8221;font_family:Open%20Sans%3A300%2C300italic%2Cregular%2Citalic%2C600%2C600italic%2C700%2C700italic%2C800%2C800italic|font_style:400%20regular%3A400%3Anormal&#8221;][\/vc_column][\/vc_row][vc_row rt_row_background_width=&#8221;default&#8221; rt_row_content_width=&#8221;default&#8221; rt_row_style=&#8221;default-style&#8221; rt_row_borders=&#8221;&#8221; rt_overlap=&#8221;&#8221; rt_grid=&#8221;&#8221; rt_row_paddings=&#8221;true&#8221; rt_bg_effect=&#8221;classic&#8221; rt_bg_parallax_effect=&#8221;1&#8243; rt_bg_image_repeat=&#8221;repeat&#8221; rt_bg_size=&#8221;cover&#8221; rt_bg_position=&#8221;right top&#8221; rt_bg_attachment=&#8221;scroll&#8221;][vc_column width=&#8221;1\/1&#8243; rt_color_set=&#8221;global-style&#8221; id=&#8221;&#8221; rt_bg_image_repeat=&#8221;repeat&#8221; rt_bg_size=&#8221;auto auto&#8221; rt_bg_attachment=&#8221;scroll&#8221;][\/vc_column][\/vc_row][vc_row [&hellip;]<\/p>\n","protected":false},"author":9,"featured_media":0,"parent":0,"menu_order":10,"comment_status":"open","ping_status":"closed","template":"","meta":{"_acf_changed":false,"ngg_post_thumbnail":0,"footnotes":""},"categories":[],"tags":[],"class_list":["post-3124","page","type-page","status-publish","hentry"],"better_featured_image":null,"acf":[],"_links":{"self":[{"href":"https:\/\/capeco.org.py\/en\/wp-json\/wp\/v2\/pages\/3124","targetHints":{"allow":["GET"]}}],"collection":[{"href":"https:\/\/capeco.org.py\/en\/wp-json\/wp\/v2\/pages"}],"about":[{"href":"https:\/\/capeco.org.py\/en\/wp-json\/wp\/v2\/types\/page"}],"author":[{"embeddable":true,"href":"https:\/\/capeco.org.py\/en\/wp-json\/wp\/v2\/users\/9"}],"replies":[{"embeddable":true,"href":"https:\/\/capeco.org.py\/en\/wp-json\/wp\/v2\/comments?post=3124"}],"version-history":[{"count":4,"href":"https:\/\/capeco.org.py\/en\/wp-json\/wp\/v2\/pages\/3124\/revisions"}],"predecessor-version":[{"id":3336,"href":"https:\/\/capeco.org.py\/en\/wp-json\/wp\/v2\/pages\/3124\/revisions\/3336"}],"wp:attachment":[{"href":"https:\/\/capeco.org.py\/en\/wp-json\/wp\/v2\/media?parent=3124"}],"wp:term":[{"taxonomy":"category","embeddable":true,"href":"https:\/\/capeco.org.py\/en\/wp-json\/wp\/v2\/categories?post=3124"},{"taxonomy":"post_tag","embeddable":true,"href":"https:\/\/capeco.org.py\/en\/wp-json\/wp\/v2\/tags?post=3124"}],"curies":[{"name":"wp","href":"https:\/\/api.w.org\/{rel}","templated":true}]}}