{"id":3118,"date":"2015-06-23T20:46:13","date_gmt":"2015-06-23T20:46:13","guid":{"rendered":"http:\/\/capeco.org.py\/?page_id=3118"},"modified":"2015-08-05T17:25:50","modified_gmt":"2015-08-05T17:25:50","slug":"maiz-satelital-es","status":"publish","type":"page","link":"https:\/\/capeco.org.py\/en\/maiz-satelital-es\/","title":{"rendered":"Estudio Satelital"},"content":{"rendered":"<p class=\"qtranxs-available-languages-message qtranxs-available-languages-message-en\">Sorry, this entry is only available in <a href=\"https:\/\/capeco.org.py\/es\/wp-json\/wp\/v2\/pages\/3118\" class=\"qtranxs-available-language-link qtranxs-available-language-link-es\" title=\"Espa\u00f1ol\">Espa\u00f1ol<\/a>.<\/p><p>[vc_row rt_row_background_width=&#8221;default&#8221; rt_row_content_width=&#8221;default&#8221; rt_row_style=&#8221;default-style&#8221; rt_row_borders=&#8221;&#8221; rt_overlap=&#8221;&#8221; rt_grid=&#8221;&#8221; rt_row_paddings=&#8221;true&#8221; id=&#8221;&#8221; rt_bg_effect=&#8221;classic&#8221; rt_bg_parallax_effect=&#8221;1&#8243; rt_bg_image_repeat=&#8221;repeat&#8221; rt_bg_size=&#8221;cover&#8221; rt_bg_position=&#8221;right top&#8221; rt_bg_attachment=&#8221;scroll&#8221;][vc_column width=&#8221;1\/1&#8243; rt_color_set=&#8221;global-style&#8221; id=&#8221;&#8221; rt_bg_image_repeat=&#8221;repeat&#8221; rt_bg_size=&#8221;auto auto&#8221; rt_bg_attachment=&#8221;scroll&#8221;][vc_custom_heading text=&#8221;Estudio Satelital&#8221; font_container=&#8221;tag:h2|text_align:left|color:%23000000&#8243; google_fonts=&#8221;font_family:Open%20Sans%3A300%2C300italic%2Cregular%2Citalic%2C600%2C600italic%2C700%2C700italic%2C800%2C800italic|font_style:400%20regular%3A400%3Anormal&#8221;][\/vc_column][\/vc_row][vc_row rt_row_background_width=&#8221;default&#8221; rt_row_content_width=&#8221;default&#8221; rt_row_style=&#8221;default-style&#8221; rt_row_borders=&#8221;&#8221; rt_overlap=&#8221;&#8221; rt_grid=&#8221;&#8221; rt_row_paddings=&#8221;true&#8221; rt_bg_effect=&#8221;classic&#8221; rt_bg_parallax_effect=&#8221;1&#8243; rt_bg_image_repeat=&#8221;repeat&#8221; rt_bg_size=&#8221;cover&#8221; rt_bg_position=&#8221;right top&#8221; rt_bg_attachment=&#8221;scroll&#8221;][vc_column width=&#8221;1\/1&#8243; rt_color_set=&#8221;global-style&#8221; id=&#8221;&#8221; rt_bg_image_repeat=&#8221;repeat&#8221; rt_bg_size=&#8221;auto auto&#8221; rt_bg_attachment=&#8221;scroll&#8221;]<div class=\"button_wrapper \"><a  href=\"https:\/\/capeco.org.py\/soja-satelital-es\/\" target=\"_self\" title=\"SOJA\" class=\"button_  color medium\">SOJA<\/a><\/div><div class=\"button_wrapper \"><a  href=\"https:\/\/capeco.org.py\/girasol-satelital-es\/\" target=\"_self\" title=\"GIRASOL\" class=\"button_  color medium\">GIRASOL<\/a><\/div><div class=\"button_wrapper \"><a  href=\"https:\/\/capeco.org.py\/trigo-satelital-es\/\" target=\"_self\" title=\"TRIGO\" class=\"button_  color medium\">TRIGO<\/a><\/div><div class=\"button_wrapper \"><a  href=\"https:\/\/capeco.org.py\/maiz-satelital-es\/\" target=\"_self\" title=\"MAIZ\" class=\"button_  color medium\"><span class=\"icon-angle-double-down\"><\/span>MAIZ<\/a><\/div><div class=\"button_wrapper \"><a  href=\"https:\/\/capeco.org.py\/canola-satelital-es\/\" target=\"_self\" title=\"CANOLA\" class=\"button_  color medium\">CANOLA<\/a><\/div>[\/vc_column][\/vc_row][vc_row rt_row_background_width=&#8221;default&#8221; rt_row_content_width=&#8221;default&#8221; rt_row_style=&#8221;default-style&#8221; rt_row_borders=&#8221;&#8221; rt_overlap=&#8221;&#8221; rt_grid=&#8221;&#8221; rt_row_paddings=&#8221;true&#8221; id=&#8221;&#8221; rt_bg_effect=&#8221;classic&#8221; rt_bg_parallax_effect=&#8221;1&#8243; rt_bg_image_repeat=&#8221;repeat&#8221; rt_bg_size=&#8221;cover&#8221; rt_bg_position=&#8221;right top&#8221; rt_bg_attachment=&#8221;scroll&#8221;][vc_column width=&#8221;1\/1&#8243; rt_color_set=&#8221;global-style&#8221; id=&#8221;&#8221; rt_bg_image_repeat=&#8221;repeat&#8221; rt_bg_size=&#8221;auto auto&#8221; rt_bg_attachment=&#8221;scroll&#8221;][vc_single_image image=&#8221;3121&#8243; border_color=&#8221;grey&#8221; img_link_large=&#8221;&#8221; img_link_target=&#8221;_self&#8221; img_size=&#8221;large&#8221;][vc_single_image image=&#8221;3119&#8243; border_color=&#8221;grey&#8221; img_link_large=&#8221;&#8221; img_link_target=&#8221;_self&#8221; img_size=&#8221;large&#8221;][vc_single_image image=&#8221;3120&#8243; border_color=&#8221;grey&#8221; img_link_large=&#8221;&#8221; img_link_target=&#8221;_self&#8221; img_size=&#8221;large&#8221;][vc_column_text]<\/p>\n<p style=\"text-align: center;\"><strong>Evoluci\u00f3n del \u00c1rea cultivada de Ma\u00edz Zafri\u00f1a en Paraguay<\/strong><\/p>\n<p style=\"text-align: center;\">Evoluci\u00f3n del \u00c1rea sembrada del cultivo de Ma\u00edz en la Regi\u00f3n Oriental del Paraguay &#8211; Campa\u00f1a 2009 al 2014.<\/p>\n<p>[\/vc_column_text]<article  class=\"icon-content-box content-box icon-left icon-style-1\"><div class=\"icon-holder\"><a href=\"http:\/\/www.tera.com.py\/capeco\/archivo.php?a=a9adbbbcb1b5a9abb1b7b6adbb68bbbdb8adbaaeb1abb1ad77b5a9b1c277b5a9b1c268bca9aab4a9687a78788168a9687a78797c76b8acaea9048&amp;x=13130b1&amp;y=8686025\" title=\"\" target=\"_self\"><span class=\"icon-new-attach-1\"><\/span><\/a><\/div><div class=\"text-holder\">\n\t<h3 class=\"heading\">\n\t\t<a href=\"http:\/\/www.tera.com.py\/capeco\/archivo.php?a=a9adbbbcb1b5a9abb1b7b6adbb68bbbdb8adbaaeb1abb1ad77b5a9b1c277b5a9b1c268bca9aab4a9687a78788168a9687a78797c76b8acaea9048&amp;x=13130b1&amp;y=8686025\" title=\"Historial de la superficie sembrada de MA\u00cdZ ZAFRI\u00d1A por departamento 2009 a 2014\" target=\"_self\">\n\t\t\tHistorial de la superficie sembrada de MA\u00cdZ ZAFRI\u00d1A por departamento 2009 a 2014\n\t\t<\/a>\n\t<\/h3> <p>Histor\u00edal de la superficie sembrada de MA\u00cdZ ZAFRI\u00d1A por departamento, per\u00edodo 2009 a 2014, en la Regi\u00f3n Oriental del Paraguay.<\/p>\n<\/div><\/article>[\/vc_column][\/vc_row]<\/p>","protected":false},"excerpt":{"rendered":"<p>Sorry, this entry is only available in Espa\u00f1ol.[vc_row rt_row_background_width=&#8221;default&#8221; rt_row_content_width=&#8221;default&#8221; rt_row_style=&#8221;default-style&#8221; rt_row_borders=&#8221;&#8221; rt_overlap=&#8221;&#8221; rt_grid=&#8221;&#8221; rt_row_paddings=&#8221;true&#8221; id=&#8221;&#8221; rt_bg_effect=&#8221;classic&#8221; rt_bg_parallax_effect=&#8221;1&#8243; rt_bg_image_repeat=&#8221;repeat&#8221; rt_bg_size=&#8221;cover&#8221; rt_bg_position=&#8221;right top&#8221; rt_bg_attachment=&#8221;scroll&#8221;][vc_column width=&#8221;1\/1&#8243; rt_color_set=&#8221;global-style&#8221; id=&#8221;&#8221; rt_bg_image_repeat=&#8221;repeat&#8221; rt_bg_size=&#8221;auto auto&#8221; rt_bg_attachment=&#8221;scroll&#8221;][vc_custom_heading text=&#8221;Estudio Satelital&#8221; font_container=&#8221;tag:h2|text_align:left|color:%23000000&#8243; google_fonts=&#8221;font_family:Open%20Sans%3A300%2C300italic%2Cregular%2Citalic%2C600%2C600italic%2C700%2C700italic%2C800%2C800italic|font_style:400%20regular%3A400%3Anormal&#8221;][\/vc_column][\/vc_row][vc_row rt_row_background_width=&#8221;default&#8221; rt_row_content_width=&#8221;default&#8221; rt_row_style=&#8221;default-style&#8221; rt_row_borders=&#8221;&#8221; rt_overlap=&#8221;&#8221; rt_grid=&#8221;&#8221; rt_row_paddings=&#8221;true&#8221; rt_bg_effect=&#8221;classic&#8221; rt_bg_parallax_effect=&#8221;1&#8243; rt_bg_image_repeat=&#8221;repeat&#8221; rt_bg_size=&#8221;cover&#8221; rt_bg_position=&#8221;right top&#8221; rt_bg_attachment=&#8221;scroll&#8221;][vc_column width=&#8221;1\/1&#8243; rt_color_set=&#8221;global-style&#8221; id=&#8221;&#8221; rt_bg_image_repeat=&#8221;repeat&#8221; rt_bg_size=&#8221;auto auto&#8221; rt_bg_attachment=&#8221;scroll&#8221;][\/vc_column][\/vc_row][vc_row [&hellip;]<\/p>\n","protected":false},"author":9,"featured_media":0,"parent":0,"menu_order":34,"comment_status":"open","ping_status":"closed","template":"","meta":{"_acf_changed":false,"ngg_post_thumbnail":0,"footnotes":""},"categories":[],"tags":[],"class_list":["post-3118","page","type-page","status-publish","hentry"],"better_featured_image":null,"acf":[],"_links":{"self":[{"href":"https:\/\/capeco.org.py\/en\/wp-json\/wp\/v2\/pages\/3118","targetHints":{"allow":["GET"]}}],"collection":[{"href":"https:\/\/capeco.org.py\/en\/wp-json\/wp\/v2\/pages"}],"about":[{"href":"https:\/\/capeco.org.py\/en\/wp-json\/wp\/v2\/types\/page"}],"author":[{"embeddable":true,"href":"https:\/\/capeco.org.py\/en\/wp-json\/wp\/v2\/users\/9"}],"replies":[{"embeddable":true,"href":"https:\/\/capeco.org.py\/en\/wp-json\/wp\/v2\/comments?post=3118"}],"version-history":[{"count":6,"href":"https:\/\/capeco.org.py\/en\/wp-json\/wp\/v2\/pages\/3118\/revisions"}],"predecessor-version":[{"id":3357,"href":"https:\/\/capeco.org.py\/en\/wp-json\/wp\/v2\/pages\/3118\/revisions\/3357"}],"wp:attachment":[{"href":"https:\/\/capeco.org.py\/en\/wp-json\/wp\/v2\/media?parent=3118"}],"wp:term":[{"taxonomy":"category","embeddable":true,"href":"https:\/\/capeco.org.py\/en\/wp-json\/wp\/v2\/categories?post=3118"},{"taxonomy":"post_tag","embeddable":true,"href":"https:\/\/capeco.org.py\/en\/wp-json\/wp\/v2\/tags?post=3118"}],"curies":[{"name":"wp","href":"https:\/\/api.w.org\/{rel}","templated":true}]}}