{"id":10067,"date":"2026-03-05T16:18:23","date_gmt":"2026-03-05T19:18:23","guid":{"rendered":"https:\/\/capeco.org.py\/?page_id=10067"},"modified":"2026-03-30T12:04:50","modified_gmt":"2026-03-30T15:04:50","slug":"rallydelasoja2026","status":"publish","type":"page","link":"https:\/\/capeco.org.py\/en\/rallydelasoja2026\/","title":{"rendered":"(Espa\u00f1ol) Rally de la Soja 2026"},"content":{"rendered":"<p class=\"qtranxs-available-languages-message qtranxs-available-languages-message-en\">Sorry, this entry is only available in <a href=\"https:\/\/capeco.org.py\/es\/wp-json\/wp\/v2\/pages\/10067\" class=\"qtranxs-available-language-link qtranxs-available-language-link-es\" title=\"Espa\u00f1ol\">Espa\u00f1ol<\/a>.<\/p><p>[vc_row rt_row_background_width=&#8221;default&#8221; rt_row_style=&#8221;default-style&#8221; rt_row_borders=&#8221;&#8221; rt_row_paddings=&#8221;true&#8221; rt_bg_effect=&#8221;classic&#8221; rt_bg_image_repeat=&#8221;repeat&#8221; rt_bg_size=&#8221;cover&#8221; rt_bg_position=&#8221;right top&#8221; rt_bg_attachment=&#8221;scroll&#8221; rt_bg_video_format=&#8221;self-hosted&#8221;][vc_column width=&#8221;1\/2&#8243; rt_wrp_col_paddings=&#8221;false&#8221; rt_border_top=&#8221;&#8221; rt_border_bottom=&#8221;&#8221; rt_border_left=&#8221;&#8221; rt_border_right=&#8221;&#8221; rt_border_top_mobile=&#8221;&#8221; rt_border_bottom_mobile=&#8221;&#8221; rt_border_left_mobile=&#8221;&#8221; rt_border_right_mobile=&#8221;&#8221; rt_bg_image_repeat=&#8221;repeat&#8221; rt_bg_size=&#8221;auto auto&#8221; rt_bg_position=&#8221;right top&#8221; rt_bg_attachment=&#8221;scroll&#8221;]<div class=\"button_wrapper  aligncenter\"><a  href=\"https:\/\/forms.gle\/EFUKLQhEj5CT2WU27\" target=\"_blank\" title=\"Pre - inscribite al Rally de la soja 2026\" class=\"button_  heading-font custom big\" style=\"color:#000000;background-color:#DD9933;\" data-hover-style=\"#DD9933\">Pre - inscribite al Rally de la soja 2026<\/a><\/div>[\/vc_column][vc_column width=&#8221;1\/2&#8243; rt_wrp_col_paddings=&#8221;false&#8221; rt_border_top=&#8221;&#8221; rt_border_bottom=&#8221;&#8221; rt_border_left=&#8221;&#8221; rt_border_right=&#8221;&#8221; rt_border_top_mobile=&#8221;&#8221; rt_border_bottom_mobile=&#8221;&#8221; rt_border_left_mobile=&#8221;&#8221; rt_border_right_mobile=&#8221;&#8221; rt_bg_image_repeat=&#8221;repeat&#8221; rt_bg_size=&#8221;auto auto&#8221; rt_bg_position=&#8221;right top&#8221; rt_bg_attachment=&#8221;scroll&#8221;]<div class=\"button_wrapper  aligncenter\"><a  href=\"https:\/\/wa.me\/595987113942\" target=\"_blank\" title=\"Escr\u00edbenos en Whatsapp\" class=\"button_  heading-font custom big\" style=\"color:#000000;background-color:#DD9933;\" data-hover-style=\"#DD9933\">Escr\u00edbenos en Whatsapp<\/a><\/div>[\/vc_column][\/vc_row][vc_row rt_row_background_width=&#8221;default&#8221; rt_row_style=&#8221;default-style&#8221; rt_row_borders=&#8221;&#8221; rt_row_paddings=&#8221;true&#8221; rt_bg_effect=&#8221;classic&#8221; rt_bg_image_repeat=&#8221;repeat&#8221; rt_bg_size=&#8221;cover&#8221; rt_bg_position=&#8221;right top&#8221; rt_bg_attachment=&#8221;scroll&#8221; rt_bg_video_format=&#8221;self-hosted&#8221;][vc_column rt_wrp_col_paddings=&#8221;false&#8221; rt_border_top=&#8221;&#8221; rt_border_bottom=&#8221;&#8221; rt_border_left=&#8221;&#8221; rt_border_right=&#8221;&#8221; rt_border_top_mobile=&#8221;&#8221; rt_border_bottom_mobile=&#8221;&#8221; rt_border_left_mobile=&#8221;&#8221; rt_border_right_mobile=&#8221;&#8221; rt_bg_image_repeat=&#8221;repeat&#8221; rt_bg_size=&#8221;auto auto&#8221; rt_bg_position=&#8221;right top&#8221; rt_bg_attachment=&#8221;scroll&#8221;]<div class=\"rt_heading_wrapper \">\n\t\t\t\t\t\t<h1 class=\"rt_heading  \" >Rally de la Soja 2026<\/h1>\n\t\t\t\t\t<\/div>[vc_column_text css=&#8221;&#8221;]&nbsp;<\/p>\n<p><strong>El Rally de la soja NO es una carrera. Es un recorrido t\u00e9cnico donde los agricultores y t\u00e9cnicos nos cuentan sus experiencias de campo.<\/strong><\/p>\n<p>Aqu\u00ed te enterar\u00e1s todo sobre el&nbsp;<strong>Rally del Conocimiento Edici\u00f3n 2026<\/strong>:<\/p>\n<p>Este a\u00f1o nos vamos a la zona de Paso Jord\u00e1n, 4 caminos ( donde termina el asfaltado de la ruta de la leche, Campo Aceval) a conocer a\u00fan m\u00e1s este Chaco que crece d\u00eda a d\u00eda, en esta edici\u00f3n contamos con el apoyo de Transagro, y de la Facultad de Ciencias Agrarias \u2013 Filial Boquer\u00f3n de la UNA. la finalidad del Rally de la soja es crear un ambiente propicio para el intercambio t\u00e9cnico de diferentes experiencias de agricultores y t\u00e9cnicos, adem\u00e1s de promocionar y mostrar como la agricultura va abri\u00e9ndose camino a trav\u00e9s del manejo sustentable que se da en el Chaco por medio de la integraci\u00f3n agricultura\/ganader\u00eda, el manejo de los suelos y como este beneficia tanto a los agricultores, ganaderos, toda la cadena productiva y al Paraguay.<\/p>\n<p><strong>Zona del Rally de la Soja 2026<\/strong><\/p>\n<p><iframe loading=\"lazy\" src=\"https:\/\/www.google.com\/maps\/d\/u\/3\/embed?mid=1KwKWEUSA-YEDOc0o9dUQ5rZsBGPrsHU&amp;ehbc=2E312F\" width=\"480\" height=\"480\"><\/iframe><\/p>\n<p>&nbsp;<\/p>\n<p><strong>\u00bfQu\u00e9 vamos a ver?<\/strong><br \/>\nComo siempre recorremos diferentes campos de estancias anfitrionas que tan gentil y desinteresadamente nos abren sus puertas, veremos agricultura en la zona, manejo, ganader\u00eda extensiva, integraci\u00f3n agricultura\/ganader\u00eda y mucho m\u00e1s.<\/p>\n<p>&nbsp;<\/p>\n<p>Por el momento,<\/p>\n<ul>\n<li>Para pernoctar estar\u00e1 habilitada un \u00e1rea de camping . Cada participante deber\u00e1 llevar todo lo necesario.&nbsp; Tambi\u00e9n hay hospedajes\/hoteles en la zona de Campo Aceval, Lolita (aunque son limitadas) y en la zona de cruce pioneros, Loma Plata, Filadelfia (ya un poco m\u00e1s alejada).<\/li>\n<li>Capeco, ofrecer\u00e1 aperitivo al medio d\u00eda para los participantes (es importante pre inscribirse) durante los dos d\u00edas del Rally.<\/li>\n<li>El desplazamiento se realizar\u00e1 en caravanas desde las largadas de cada d\u00eda.<\/li>\n<li>Si vas a ir avi\u00f3n pronto pasaremos las coordenadas de aterrizaje (ten\u00e9s que hablar con otros participantes para acoplarte a los recorridos por tierra).<\/li>\n<li>No te olvides de llevar agua y botiqu\u00edn.<\/li>\n<\/ul>\n<p><strong>HORARIOS:<\/strong><\/p>\n<ul>\n<li>Largada jueves, 23 de abril: a las 08:00 h (se recorre hasta horarios de la tarde).<\/li>\n<li>Largada viernes, 24 de abril:&nbsp;<\/li>\n<li>Siempre nos movemos en caravana (Cada uno en sus propios veh\u00edculos).<\/li>\n<\/ul>\n<p><em>Los horarios aun pueden tener modificaciones.<\/em><\/p>\n<p><strong>Pronto pasaremos el PDF informativo completo.<\/strong><\/p>\n<p>Escribinos al <a href=\"https:\/\/wa.me\/595987113942\">+595987113942&nbsp;<\/a> para que te lleguen todas las informaciones \u00a1directamente a tu tel\u00e9fono! agend\u00e1 ese n\u00famero y tambi\u00e9n para aclarar cualquier duda.<\/p>\n<p>Acordate que como siempre la entrada es LIBRE y GRATUITA (pero cada participante se mueve por sus propios medios).<\/p>\n<p>Ambos aperitivos del medio d\u00eda cubre la CAPECO, pero&#8230;<br \/>\n<strong>Si ya est\u00e1s seguro<\/strong> que vas a participar, por favor complet\u00e1 este <a href=\"https:\/\/forms.gle\/EFUKLQhEj5CT2WU27\">formulario de pre-inscripci\u00f3n<\/a>, es lejos y nos ayudar\u00e1 a tener la mejor organizaci\u00f3n posible (log\u00edstica, alimentaci\u00f3n, kits a entregar, etc).&nbsp; <em>Te va a llegar luego de algunos d\u00edas una confirmaci\u00f3n a tu tel\u00e9fono via whatsapp.<\/em><\/p>\n<p>\u00a1Nos vemos pronto!<\/p>\n<p>PD: \u00bfno tenes idea de que se trata el Rally del conocimiento?&nbsp; fijate <a href=\"http:\/\/www.capeco.org.py\/rally2024\/\">aqu\u00ed lo vivido en la edici\u00f3n anterior del 2024<\/a><\/p>\n<p>&nbsp;<\/p>\n<p>&nbsp;<\/p>\n<p>&nbsp;<\/p>\n<p>&nbsp;<\/p>\n<p>&nbsp;<\/p>\n<p>&nbsp;[\/vc_column_text][\/vc_column][\/vc_row]<\/p>","protected":false},"excerpt":{"rendered":"<p>Sorry, this entry is only available in Espa\u00f1ol.[vc_row rt_row_background_width=&#8221;default&#8221; rt_row_style=&#8221;default-style&#8221; rt_row_borders=&#8221;&#8221; rt_row_paddings=&#8221;true&#8221; rt_bg_effect=&#8221;classic&#8221; rt_bg_image_repeat=&#8221;repeat&#8221; rt_bg_size=&#8221;cover&#8221; rt_bg_position=&#8221;right top&#8221; rt_bg_attachment=&#8221;scroll&#8221; rt_bg_video_format=&#8221;self-hosted&#8221;][vc_column width=&#8221;1\/2&#8243; rt_wrp_col_paddings=&#8221;false&#8221; rt_border_top=&#8221;&#8221; rt_border_bottom=&#8221;&#8221; rt_border_left=&#8221;&#8221; rt_border_right=&#8221;&#8221; rt_border_top_mobile=&#8221;&#8221; rt_border_bottom_mobile=&#8221;&#8221; rt_border_left_mobile=&#8221;&#8221; rt_border_right_mobile=&#8221;&#8221; rt_bg_image_repeat=&#8221;repeat&#8221; rt_bg_size=&#8221;auto auto&#8221; rt_bg_position=&#8221;right top&#8221; rt_bg_attachment=&#8221;scroll&#8221;][\/vc_column][vc_column width=&#8221;1\/2&#8243; rt_wrp_col_paddings=&#8221;false&#8221; rt_border_top=&#8221;&#8221; rt_border_bottom=&#8221;&#8221; rt_border_left=&#8221;&#8221; rt_border_right=&#8221;&#8221; rt_border_top_mobile=&#8221;&#8221; rt_border_bottom_mobile=&#8221;&#8221; rt_border_left_mobile=&#8221;&#8221; rt_border_right_mobile=&#8221;&#8221; rt_bg_image_repeat=&#8221;repeat&#8221; rt_bg_size=&#8221;auto auto&#8221; rt_bg_position=&#8221;right top&#8221; rt_bg_attachment=&#8221;scroll&#8221;][\/vc_column][\/vc_row][vc_row rt_row_background_width=&#8221;default&#8221; rt_row_style=&#8221;default-style&#8221; rt_row_borders=&#8221;&#8221; rt_row_paddings=&#8221;true&#8221; [&hellip;]<\/p>\n","protected":false},"author":10,"featured_media":10085,"parent":0,"menu_order":0,"comment_status":"closed","ping_status":"closed","template":"","meta":{"_acf_changed":false,"ngg_post_thumbnail":0,"footnotes":""},"categories":[21],"tags":[767,768,769,118,765,537,766],"class_list":["post-10067","page","type-page","status-publish","has-post-thumbnail","hentry","category-charlas-eventos","tag-campo-aceval","tag-lolita","tag-paratodo","tag-rally-de-la-soja","tag-rally-de-la-soja-2026","tag-rally-del-conocimiento","tag-rally-soja"],"better_featured_image":{"id":10085,"alt_text":"","caption":"","description":"","media_type":"image","media_details":{"width":2000,"height":731,"file":"2026\/03\/Banner-Web.png","filesize":1824415,"sizes":{"medium":{"file":"Banner-Web-300x110.png","width":300,"height":110,"mime-type":"image\/png","filesize":49793,"source_url":"https:\/\/capeco.org.py\/wp-content\/uploads\/2026\/03\/Banner-Web-300x110.png"},"large":{"file":"Banner-Web-443x162.png","width":443,"height":162,"mime-type":"image\/png","filesize":101879,"source_url":"https:\/\/capeco.org.py\/wp-content\/uploads\/2026\/03\/Banner-Web-443x162.png"},"thumbnail":{"file":"Banner-Web-150x150.png","width":150,"height":150,"mime-type":"image\/png","filesize":36859,"source_url":"https:\/\/capeco.org.py\/wp-content\/uploads\/2026\/03\/Banner-Web-150x150.png"},"medium_large":{"file":"Banner-Web-768x281.png","width":768,"height":281,"mime-type":"image\/png","filesize":284015,"source_url":"https:\/\/capeco.org.py\/wp-content\/uploads\/2026\/03\/Banner-Web-768x281.png"},"1536x1536":{"file":"Banner-Web-1536x561.png","width":1536,"height":561,"mime-type":"image\/png","filesize":1013386,"source_url":"https:\/\/capeco.org.py\/wp-content\/uploads\/2026\/03\/Banner-Web-1536x561.png"}},"image_meta":{"aperture":"0","credit":"","camera":"","caption":"","created_timestamp":"0","copyright":"","focal_length":"0","iso":"0","shutter_speed":"0","title":"","orientation":"0","keywords":[]}},"post":null,"source_url":"https:\/\/capeco.org.py\/wp-content\/uploads\/2026\/03\/Banner-Web.png"},"acf":[],"_links":{"self":[{"href":"https:\/\/capeco.org.py\/en\/wp-json\/wp\/v2\/pages\/10067","targetHints":{"allow":["GET"]}}],"collection":[{"href":"https:\/\/capeco.org.py\/en\/wp-json\/wp\/v2\/pages"}],"about":[{"href":"https:\/\/capeco.org.py\/en\/wp-json\/wp\/v2\/types\/page"}],"author":[{"embeddable":true,"href":"https:\/\/capeco.org.py\/en\/wp-json\/wp\/v2\/users\/10"}],"replies":[{"embeddable":true,"href":"https:\/\/capeco.org.py\/en\/wp-json\/wp\/v2\/comments?post=10067"}],"version-history":[{"count":5,"href":"https:\/\/capeco.org.py\/en\/wp-json\/wp\/v2\/pages\/10067\/revisions"}],"predecessor-version":[{"id":10101,"href":"https:\/\/capeco.org.py\/en\/wp-json\/wp\/v2\/pages\/10067\/revisions\/10101"}],"wp:featuredmedia":[{"embeddable":true,"href":"https:\/\/capeco.org.py\/en\/wp-json\/wp\/v2\/media\/10085"}],"wp:attachment":[{"href":"https:\/\/capeco.org.py\/en\/wp-json\/wp\/v2\/media?parent=10067"}],"wp:term":[{"taxonomy":"category","embeddable":true,"href":"https:\/\/capeco.org.py\/en\/wp-json\/wp\/v2\/categories?post=10067"},{"taxonomy":"post_tag","embeddable":true,"href":"https:\/\/capeco.org.py\/en\/wp-json\/wp\/v2\/tags?post=10067"}],"curies":[{"name":"wp","href":"https:\/\/api.w.org\/{rel}","templated":true}]}}